{"id":843,"date":"2020-04-17T00:46:51","date_gmt":"2020-04-16T21:46:51","guid":{"rendered":"http:\/\/poolifes.com\/DEMO\/?page_id=843"},"modified":"2020-09-22T10:16:01","modified_gmt":"2020-09-22T07:16:01","slug":"uretim","status":"publish","type":"page","link":"https:\/\/poolifes.com\/en\/uretim\/","title":{"rendered":"Our Factory &#038; Production"},"content":{"rendered":"<p>[vc_row][vc_column]<div class=\"gallery-shortcode dt-gallery-container gallery-masonry-shortcode-id-e6ff521a38d7baf2cc528da4a57e9c51 mode-grid jquery-filter show-all-pages dt-icon-bg-on quick-scale-img dt-css-grid-wrap enable-bg-rollover resize-by-browser-width  hover-fade loading-effect-flip description-on-hover\" data-padding=\"5px\" data-cur-page=\"1\" data-post-limit=\"12\" data-pagination-mode=\"pages\" data-desktop-columns-num=\"4\" data-v-tablet-columns-num=\"2\" data-h-tablet-columns-num=\"3\" data-phone-columns-num=\"2\" data-width=\"0px\" data-columns=\"0\"><div class=\"dt-css-grid\" ><div class=\"hidden wf-cell\" data-post-id=\"847\" data-date=\"2020-04-17T00:47:21+00:00\" data-name=\"Poolifes \u00dcretim KalIp\"><figure class=\"post\"><a href=\"https:\/\/poolifes.com\/wp-content\/uploads\/2020\/04\/Poolifes-Uretim-Kalip.jpg\" class=\"rollover dt-pswp-item\" data-large_image_width=\"900\" data-large_image_height=\"675\" data-dt-img-description=\"\" title=\"Poolifes \u00dcretim KalIp\"><img loading=\"lazy\" decoding=\"async\" class=\"preload-me\" src=\"https:\/\/poolifes.com\/wp-content\/uploads\/2020\/04\/Poolifes-Uretim-Kalip-440x311.jpg\" srcset=\"https:\/\/poolifes.com\/wp-content\/uploads\/2020\/04\/Poolifes-Uretim-Kalip-440x311.jpg 440w, https:\/\/poolifes.com\/wp-content\/uploads\/2020\/04\/Poolifes-Uretim-Kalip-660x467.jpg 660w\" sizes=\"auto, 440px\" alt=\"\" width=\"440\" height=\"311\"  \/><span class=\"gallery-rollover\"><span class=\"gallery-zoom-ico icon-im-hover-007\"><span><\/span><\/span><\/span><\/a><\/figure><\/div><div class=\"hidden wf-cell\" data-post-id=\"1541\" data-date=\"2020-09-22T10:13:23+00:00\" data-name=\"Factory-4\"><figure class=\"post\"><a href=\"https:\/\/poolifes.com\/wp-content\/uploads\/2020\/09\/Fabrika-4.jpg\" class=\"rollover dt-pswp-item\" data-large_image_width=\"709\" data-large_image_height=\"532\" data-dt-img-description=\"The same gloss and smoothness are produced on both sides.\r\n&quot;RTM&quot; are technology water slides.\r\nQuality control is done before packaging.\" title=\"Factory-4\"><img loading=\"lazy\" decoding=\"async\" class=\"preload-me\" src=\"https:\/\/poolifes.com\/wp-content\/uploads\/2020\/09\/Fabrika-4-440x311.jpg\" srcset=\"https:\/\/poolifes.com\/wp-content\/uploads\/2020\/09\/Fabrika-4-440x311.jpg 440w, https:\/\/poolifes.com\/wp-content\/uploads\/2020\/09\/Fabrika-4-660x467.jpg 660w\" sizes=\"auto, 440px\" alt=\"water slide, water slides, water park slides, water park slide, water slide park, water slides park\" width=\"440\" height=\"311\"  \/><span class=\"gallery-rollover\"><span class=\"gallery-zoom-ico icon-im-hover-007\"><span><\/span><\/span><\/span><\/a><\/figure><\/div><div class=\"hidden wf-cell\" data-post-id=\"848\" data-date=\"2020-04-17T00:47:23+00:00\" data-name=\"Poolifes \u00dcretim Model\"><figure class=\"post\"><a href=\"https:\/\/poolifes.com\/wp-content\/uploads\/2020\/04\/Poolifes-Uretim-Model.jpg\" class=\"rollover dt-pswp-item\" data-large_image_width=\"900\" data-large_image_height=\"675\" data-dt-img-description=\"\" title=\"Poolifes \u00dcretim Model\"><img loading=\"lazy\" decoding=\"async\" class=\"preload-me\" src=\"https:\/\/poolifes.com\/wp-content\/uploads\/2020\/04\/Poolifes-Uretim-Model-440x311.jpg\" srcset=\"https:\/\/poolifes.com\/wp-content\/uploads\/2020\/04\/Poolifes-Uretim-Model-440x311.jpg 440w, https:\/\/poolifes.com\/wp-content\/uploads\/2020\/04\/Poolifes-Uretim-Model-660x467.jpg 660w\" sizes=\"auto, 440px\" alt=\"\" width=\"440\" height=\"311\"  \/><span class=\"gallery-rollover\"><span class=\"gallery-zoom-ico icon-im-hover-007\"><span><\/span><\/span><\/span><\/a><\/figure><\/div><div class=\"hidden wf-cell\" data-post-id=\"1538\" data-date=\"2020-09-22T10:13:14+00:00\" data-name=\"Fabrika-1\"><figure class=\"post\"><a href=\"https:\/\/poolifes.com\/wp-content\/uploads\/2020\/09\/Fabrika-1.jpg\" class=\"rollover dt-pswp-item\" data-large_image_width=\"709\" data-large_image_height=\"532\" data-dt-img-description=\"\" title=\"Fabrika-1\"><img loading=\"lazy\" decoding=\"async\" class=\"preload-me\" src=\"https:\/\/poolifes.com\/wp-content\/uploads\/2020\/09\/Fabrika-1-440x311.jpg\" srcset=\"https:\/\/poolifes.com\/wp-content\/uploads\/2020\/09\/Fabrika-1-440x311.jpg 440w, https:\/\/poolifes.com\/wp-content\/uploads\/2020\/09\/Fabrika-1-660x467.jpg 660w\" sizes=\"auto, 440px\" alt=\"\" width=\"440\" height=\"311\"  \/><span class=\"gallery-rollover\"><span class=\"gallery-zoom-ico icon-im-hover-007\"><span><\/span><\/span><\/span><\/a><\/figure><\/div><div class=\"hidden wf-cell\" data-post-id=\"845\" data-date=\"2020-04-17T00:47:18+00:00\" data-name=\"Poolifes \u00dcretim Ahtapot KaydIrak\"><figure class=\"post\"><a href=\"https:\/\/poolifes.com\/wp-content\/uploads\/2020\/04\/Poolifes-Uretim-Ahtapot-Kaydirak.jpg\" class=\"rollover dt-pswp-item\" data-large_image_width=\"900\" data-large_image_height=\"675\" data-dt-img-description=\"\" title=\"Poolifes \u00dcretim Ahtapot KaydIrak\"><img loading=\"lazy\" decoding=\"async\" class=\"preload-me\" src=\"https:\/\/poolifes.com\/wp-content\/uploads\/2020\/04\/Poolifes-Uretim-Ahtapot-Kaydirak-440x311.jpg\" srcset=\"https:\/\/poolifes.com\/wp-content\/uploads\/2020\/04\/Poolifes-Uretim-Ahtapot-Kaydirak-440x311.jpg 440w, https:\/\/poolifes.com\/wp-content\/uploads\/2020\/04\/Poolifes-Uretim-Ahtapot-Kaydirak-660x467.jpg 660w\" sizes=\"auto, 440px\" alt=\"\" width=\"440\" height=\"311\"  \/><span class=\"gallery-rollover\"><span class=\"gallery-zoom-ico icon-im-hover-007\"><span><\/span><\/span><\/span><\/a><\/figure><\/div><div class=\"hidden wf-cell\" data-post-id=\"851\" data-date=\"2020-04-17T00:47:33+00:00\" data-name=\"Poolifes \u00dcretim Start\"><figure class=\"post\"><a href=\"https:\/\/poolifes.com\/wp-content\/uploads\/2020\/04\/Poolifes-Uretim-Start.jpg\" class=\"rollover dt-pswp-item\" data-large_image_width=\"900\" data-large_image_height=\"675\" data-dt-img-description=\"\" title=\"Poolifes \u00dcretim Start\"><img loading=\"lazy\" decoding=\"async\" class=\"preload-me\" src=\"https:\/\/poolifes.com\/wp-content\/uploads\/2020\/04\/Poolifes-Uretim-Start-440x311.jpg\" srcset=\"https:\/\/poolifes.com\/wp-content\/uploads\/2020\/04\/Poolifes-Uretim-Start-440x311.jpg 440w, https:\/\/poolifes.com\/wp-content\/uploads\/2020\/04\/Poolifes-Uretim-Start-660x467.jpg 660w\" sizes=\"auto, 440px\" alt=\"\" width=\"440\" height=\"311\"  \/><span class=\"gallery-rollover\"><span class=\"gallery-zoom-ico icon-im-hover-007\"><span><\/span><\/span><\/span><\/a><\/figure><\/div><div class=\"hidden wf-cell\" data-post-id=\"852\" data-date=\"2020-04-17T00:47:35+00:00\" data-name=\"Poolifes \u00dcretim \u00dcR\u00dcN\"><figure class=\"post\"><a href=\"https:\/\/poolifes.com\/wp-content\/uploads\/2020\/04\/Poolifes-Uretim-Urun.jpg\" class=\"rollover dt-pswp-item\" data-large_image_width=\"900\" data-large_image_height=\"675\" data-dt-img-description=\"\" title=\"Poolifes \u00dcretim \u00dcR\u00dcN\"><img loading=\"lazy\" decoding=\"async\" class=\"preload-me\" src=\"https:\/\/poolifes.com\/wp-content\/uploads\/2020\/04\/Poolifes-Uretim-Urun-440x311.jpg\" srcset=\"https:\/\/poolifes.com\/wp-content\/uploads\/2020\/04\/Poolifes-Uretim-Urun-440x311.jpg 440w, https:\/\/poolifes.com\/wp-content\/uploads\/2020\/04\/Poolifes-Uretim-Urun-660x467.jpg 660w\" sizes=\"auto, 440px\" alt=\"\" width=\"440\" height=\"311\"  \/><span class=\"gallery-rollover\"><span class=\"gallery-zoom-ico icon-im-hover-007\"><span><\/span><\/span><\/span><\/a><\/figure><\/div><div class=\"hidden wf-cell\" data-post-id=\"1540\" data-date=\"2020-09-22T10:13:19+00:00\" data-name=\"Factory-3\"><figure class=\"post\"><a href=\"https:\/\/poolifes.com\/wp-content\/uploads\/2020\/09\/Fabrika-3.jpg\" class=\"rollover dt-pswp-item\" data-large_image_width=\"709\" data-large_image_height=\"532\" data-dt-img-description=\"Made of glass fiber reinforced polyester.\r\nIt has a non-slip surface. It is 6 mm thick.\r\nThe desired color can be made.\" title=\"Factory-3\"><img loading=\"lazy\" decoding=\"async\" class=\"preload-me\" src=\"https:\/\/poolifes.com\/wp-content\/uploads\/2020\/09\/Fabrika-3-440x311.jpg\" srcset=\"https:\/\/poolifes.com\/wp-content\/uploads\/2020\/09\/Fabrika-3-440x311.jpg 440w, https:\/\/poolifes.com\/wp-content\/uploads\/2020\/09\/Fabrika-3-660x467.jpg 660w\" sizes=\"auto, 440px\" alt=\"water slide manufacturers, water park equipment supplier, water park equipments, slides water, slider water suppliers, slider water supplier,\" width=\"440\" height=\"311\"  \/><span class=\"gallery-rollover\"><span class=\"gallery-zoom-ico icon-im-hover-007\"><span><\/span><\/span><\/span><\/a><\/figure><\/div><div class=\"hidden wf-cell\" data-post-id=\"849\" data-date=\"2020-04-17T00:47:30+00:00\" data-name=\"Poolifes \u00dcretim RTM 2\"><figure class=\"post\"><a href=\"https:\/\/poolifes.com\/wp-content\/uploads\/2020\/04\/Poolifes-Uretim-RTM-2.jpg\" class=\"rollover dt-pswp-item\" data-large_image_width=\"900\" data-large_image_height=\"675\" data-dt-img-description=\"\" title=\"Poolifes \u00dcretim RTM 2\"><img loading=\"lazy\" decoding=\"async\" class=\"preload-me\" src=\"https:\/\/poolifes.com\/wp-content\/uploads\/2020\/04\/Poolifes-Uretim-RTM-2-440x311.jpg\" srcset=\"https:\/\/poolifes.com\/wp-content\/uploads\/2020\/04\/Poolifes-Uretim-RTM-2-440x311.jpg 440w, https:\/\/poolifes.com\/wp-content\/uploads\/2020\/04\/Poolifes-Uretim-RTM-2-660x467.jpg 660w\" sizes=\"auto, 440px\" alt=\"\" width=\"440\" height=\"311\"  \/><span class=\"gallery-rollover\"><span class=\"gallery-zoom-ico icon-im-hover-007\"><span><\/span><\/span><\/span><\/a><\/figure><\/div><div class=\"hidden wf-cell\" data-post-id=\"1539\" data-date=\"2020-09-22T10:13:17+00:00\" data-name=\"Factory-2\"><figure class=\"post\"><a href=\"https:\/\/poolifes.com\/wp-content\/uploads\/2020\/09\/Fabrika-2.jpg\" class=\"rollover dt-pswp-item\" data-large_image_width=\"709\" data-large_image_height=\"532\" data-dt-img-description=\"Our products are packaged with the help of &quot;5 mm thermaflex&quot; sponge and stretch film.\r\nInternal and external labels are attached to all of our products.\r\nProject name, part name, product code, product color of the product are written on the label.\" title=\"Factory-2\"><img loading=\"lazy\" decoding=\"async\" class=\"preload-me\" src=\"https:\/\/poolifes.com\/wp-content\/uploads\/2020\/09\/Fabrika-2-440x311.jpg\" srcset=\"https:\/\/poolifes.com\/wp-content\/uploads\/2020\/09\/Fabrika-2-440x311.jpg 440w, https:\/\/poolifes.com\/wp-content\/uploads\/2020\/09\/Fabrika-2-660x467.jpg 660w\" sizes=\"auto, 440px\" alt=\"water parks in turkey, water park project, water slide packaging, water slide shipment, water slide quality control, aqua park slides\" width=\"440\" height=\"311\"  \/><span class=\"gallery-rollover\"><span class=\"gallery-zoom-ico icon-im-hover-007\"><span><\/span><\/span><\/span><\/a><\/figure><\/div><div class=\"hidden wf-cell\" data-post-id=\"846\" data-date=\"2020-04-17T00:47:19+00:00\" data-name=\"Poolifes \u00dcretim El Yat\u0131rma\"><figure class=\"post\"><a href=\"https:\/\/poolifes.com\/wp-content\/uploads\/2020\/04\/Poolifes-Uretim-El-Yat\u0131rma-Uretim.jpg\" class=\"rollover dt-pswp-item\" data-large_image_width=\"900\" data-large_image_height=\"675\" data-dt-img-description=\"\" title=\"Poolifes \u00dcretim El Yat\u0131rma\"><img loading=\"lazy\" decoding=\"async\" class=\"preload-me\" src=\"https:\/\/poolifes.com\/wp-content\/uploads\/2020\/04\/Poolifes-Uretim-El-Yat\u0131rma-Uretim-440x311.jpg\" srcset=\"https:\/\/poolifes.com\/wp-content\/uploads\/2020\/04\/Poolifes-Uretim-El-Yat\u0131rma-Uretim-440x311.jpg 440w, https:\/\/poolifes.com\/wp-content\/uploads\/2020\/04\/Poolifes-Uretim-El-Yat\u0131rma-Uretim-660x467.jpg 660w\" sizes=\"auto, 440px\" alt=\"\" width=\"440\" height=\"311\"  \/><span class=\"gallery-rollover\"><span class=\"gallery-zoom-ico icon-im-hover-007\"><span><\/span><\/span><\/span><\/a><\/figure><\/div><\/div><!-- iso-container|iso-grid --><div class=\"paginator\" role=\"navigation\"><\/div><\/div>[\/vc_column][\/vc_row]<\/p>","protected":false},"excerpt":{"rendered":"<p>[vc_row][vc_column][\/vc_column][\/vc_row]<\/p>\n","protected":false},"author":1,"featured_media":0,"parent":0,"menu_order":0,"comment_status":"closed","ping_status":"closed","template":"","meta":[],"class_list":["post-843","page","type-page","status-publish","hentry","description-off"],"_links":{"self":[{"href":"https:\/\/poolifes.com\/en\/wp-json\/wp\/v2\/pages\/843","targetHints":{"allow":["GET"]}}],"collection":[{"href":"https:\/\/poolifes.com\/en\/wp-json\/wp\/v2\/pages"}],"about":[{"href":"https:\/\/poolifes.com\/en\/wp-json\/wp\/v2\/types\/page"}],"author":[{"embeddable":true,"href":"https:\/\/poolifes.com\/en\/wp-json\/wp\/v2\/users\/1"}],"replies":[{"embeddable":true,"href":"https:\/\/poolifes.com\/en\/wp-json\/wp\/v2\/comments?post=843"}],"version-history":[{"count":6,"href":"https:\/\/poolifes.com\/en\/wp-json\/wp\/v2\/pages\/843\/revisions"}],"predecessor-version":[{"id":1543,"href":"https:\/\/poolifes.com\/en\/wp-json\/wp\/v2\/pages\/843\/revisions\/1543"}],"wp:attachment":[{"href":"https:\/\/poolifes.com\/en\/wp-json\/wp\/v2\/media?parent=843"}],"curies":[{"name":"wp","href":"https:\/\/api.w.org\/{rel}","templated":true}]}}